{"id":25,"date":"2024-10-09T15:27:46","date_gmt":"2024-10-09T15:27:46","guid":{"rendered":"https:\/\/desarrollo1.alumnoposicionamiento.dev\/?page_id=25"},"modified":"2024-12-18T15:53:12","modified_gmt":"2024-12-18T15:53:12","slug":"audiovisual","status":"publish","type":"page","link":"https:\/\/desarrollo1.alumnoposicionamiento.dev\/?page_id=25","title":{"rendered":"SOCIAL MEDIA"},"content":{"rendered":"\t\t<div data-elementor-type=\"wp-page\" data-elementor-id=\"25\" class=\"elementor elementor-25\" data-elementor-post-type=\"page\">\n\t\t\t\t<div class=\"elementor-element elementor-element-41b0bd850 e-flex e-con-boxed wpr-particle-no wpr-jarallax-no wpr-parallax-no wpr-sticky-section-no e-con e-parent\" data-id=\"41b0bd850\" data-element_type=\"container\" data-settings=\"{&quot;background_background&quot;:&quot;classic&quot;}\">\n\t\t\t\t\t<div class=\"e-con-inner\">\n\t\t\t\t<div class=\"elementor-element elementor-element-4490370a elementor-widget-divider--separator-type-pattern elementor-widget-divider--view-line elementor-widget elementor-widget-divider\" data-id=\"4490370a\" data-element_type=\"widget\" data-widget_type=\"divider.default\">\n\t\t\t\t<div class=\"elementor-widget-container\">\n\t\t\t\t\t<div class=\"elementor-divider\" style=\"--divider-pattern-url: url(&quot;data:image\/svg+xml,%3Csvg xmlns=&#039;http:\/\/www.w3.org\/2000\/svg&#039; preserveAspectRatio=&#039;none&#039; overflow=&#039;visible&#039; height=&#039;100%&#039; viewBox=&#039;0 0 24 24&#039; fill=&#039;black&#039; stroke=&#039;none&#039;%3E%3Cpolygon points=&#039;9.4,2 24,2 14.6,21.6 0,21.6&#039;\/%3E%3C\/svg%3E&quot;);\">\n\t\t\t<span class=\"elementor-divider-separator\">\n\t\t\t\t\t\t<\/span>\n\t\t<\/div>\n\t\t\t\t<\/div>\n\t\t\t\t<\/div>\n\t\t\t\t<div class=\"elementor-element elementor-element-1e0c9c45 elementor-widget elementor-widget-heading\" data-id=\"1e0c9c45\" data-element_type=\"widget\" data-widget_type=\"heading.default\">\n\t\t\t\t<div class=\"elementor-widget-container\">\n\t\t\t<h2 class=\"elementor-heading-title elementor-size-default\">LLEVAMOS TUS REDES SOCIALES AL \u00c9XITO<\/h2>\t\t<\/div>\n\t\t\t\t<\/div>\n\t\t\t\t\t<\/div>\n\t\t\t\t<\/div>\n\t\t<div class=\"elementor-element elementor-element-36280f5a e-flex e-con-boxed wpr-particle-no wpr-jarallax-no wpr-parallax-no wpr-sticky-section-no e-con e-parent\" data-id=\"36280f5a\" data-element_type=\"container\">\n\t\t\t\t\t<div class=\"e-con-inner\">\n\t\t<div class=\"elementor-element elementor-element-6dda0e75 e-flex e-con-boxed wpr-particle-no wpr-jarallax-no wpr-parallax-no wpr-sticky-section-no elementor-invisible e-con e-child\" data-id=\"6dda0e75\" data-element_type=\"container\" data-settings=\"{&quot;animation&quot;:&quot;fadeIn&quot;}\">\n\t\t\t\t\t<div class=\"e-con-inner\">\n\t\t\t\t<div class=\"elementor-element elementor-element-3e71b084 elementor-widget elementor-widget-heading\" data-id=\"3e71b084\" data-element_type=\"widget\" data-widget_type=\"heading.default\">\n\t\t\t\t<div class=\"elementor-widget-container\">\n\t\t\t<h2 class=\"elementor-heading-title elementor-size-default\">Sabemos d\u00f3nde encontrar a tu p\u00fablico y como contactar con \u00e9l<\/h2>\t\t<\/div>\n\t\t\t\t<\/div>\n\t\t\t\t<div class=\"elementor-element elementor-element-65a1a49e wpr-button-icon-style-inline wpr-button-icon-position-right elementor-widget elementor-widget-wpr-button\" data-id=\"65a1a49e\" data-element_type=\"widget\" data-widget_type=\"wpr-button.default\">\n\t\t\t\t<div class=\"elementor-widget-container\">\n\t\t\t\t\n\t\t\t\n\t\t\n\t\t<div class=\"wpr-button-wrap elementor-clearfix\">\n\t\t<a class=\"wpr-button wpr-button-effect wpr-button-none\" data-text=\"Go\" href=\"https:\/\/desarrollo1.alumnoposicionamiento.dev\/?page_id=39\">\n\t\t\t\n\t\t\t<span class=\"wpr-button-content\">\n\t\t\t\t\t\t\t\t\t<span class=\"wpr-button-text\">Saber m\u00e1s<\/span>\n\t\t\t\t\t\t\t\t\n\t\t\t\t\t\t\t<\/span>\n\t\t<\/a>\n\n\t\t\t\t<\/div>\n\t\n\t\n\t\t\t<\/div>\n\t\t\t\t<\/div>\n\t\t\t\t\t<\/div>\n\t\t\t\t<\/div>\n\t\t<div class=\"elementor-element elementor-element-377162 e-flex e-con-boxed wpr-particle-no wpr-jarallax-no wpr-parallax-no wpr-sticky-section-no e-con e-child\" data-id=\"377162\" data-element_type=\"container\">\n\t\t\t\t\t<div class=\"e-con-inner\">\n\t\t\t\t<div class=\"elementor-element elementor-element-69d5c7c2 elementor-widget elementor-widget-image\" data-id=\"69d5c7c2\" data-element_type=\"widget\" data-widget_type=\"image.default\">\n\t\t\t\t<div class=\"elementor-widget-container\">\n\t\t\t\t\t\t\t\t\t\t\t\t\t<img fetchpriority=\"high\" decoding=\"async\" width=\"800\" height=\"800\" src=\"https:\/\/desarrollo1.alumnoposicionamiento.dev\/wp-content\/uploads\/2024\/12\/DALL\u00b7E-2024-12-16-18.56.14-A-group-of-diverse-people-using-their-mobile-phones-portrayed-in-a-casual-and-friendly-setting.-The-individuals-are-of-different-ages-genders-and-e.webp\" class=\"attachment-large size-large wp-image-367\" alt=\"\" srcset=\"https:\/\/desarrollo1.alumnoposicionamiento.dev\/wp-content\/uploads\/2024\/12\/DALL\u00b7E-2024-12-16-18.56.14-A-group-of-diverse-people-using-their-mobile-phones-portrayed-in-a-casual-and-friendly-setting.-The-individuals-are-of-different-ages-genders-and-e.webp 1024w, https:\/\/desarrollo1.alumnoposicionamiento.dev\/wp-content\/uploads\/2024\/12\/DALL\u00b7E-2024-12-16-18.56.14-A-group-of-diverse-people-using-their-mobile-phones-portrayed-in-a-casual-and-friendly-setting.-The-individuals-are-of-different-ages-genders-and-e-300x300.webp 300w, https:\/\/desarrollo1.alumnoposicionamiento.dev\/wp-content\/uploads\/2024\/12\/DALL\u00b7E-2024-12-16-18.56.14-A-group-of-diverse-people-using-their-mobile-phones-portrayed-in-a-casual-and-friendly-setting.-The-individuals-are-of-different-ages-genders-and-e-150x150.webp 150w, https:\/\/desarrollo1.alumnoposicionamiento.dev\/wp-content\/uploads\/2024\/12\/DALL\u00b7E-2024-12-16-18.56.14-A-group-of-diverse-people-using-their-mobile-phones-portrayed-in-a-casual-and-friendly-setting.-The-individuals-are-of-different-ages-genders-and-e-768x768.webp 768w\" sizes=\"(max-width: 800px) 100vw, 800px\" \/>\t\t\t\t\t\t\t\t\t\t\t\t\t<\/div>\n\t\t\t\t<\/div>\n\t\t\t\t\t<\/div>\n\t\t\t\t<\/div>\n\t\t\t\t\t<\/div>\n\t\t\t\t<\/div>\n\t\t<div class=\"elementor-element elementor-element-a3b2b52 e-flex e-con-boxed wpr-particle-no wpr-jarallax-no wpr-parallax-no wpr-sticky-section-no e-con e-parent\" data-id=\"a3b2b52\" data-element_type=\"container\" data-settings=\"{&quot;background_background&quot;:&quot;classic&quot;}\">\n\t\t\t\t\t<div class=\"e-con-inner\">\n\t\t<div class=\"elementor-element elementor-element-28afbdb9 e-flex e-con-boxed wpr-particle-no wpr-jarallax-no wpr-parallax-no wpr-sticky-section-no e-con e-child\" data-id=\"28afbdb9\" data-element_type=\"container\">\n\t\t\t\t\t<div class=\"e-con-inner\">\n\t\t<div class=\"elementor-element elementor-element-2297e40f e-con-full e-flex wpr-particle-no wpr-jarallax-no wpr-parallax-no wpr-sticky-section-no e-con e-child\" data-id=\"2297e40f\" data-element_type=\"container\">\n\t\t\t\t<div class=\"elementor-element elementor-element-59478352 elementor-widget elementor-widget-image\" data-id=\"59478352\" data-element_type=\"widget\" data-widget_type=\"image.default\">\n\t\t\t\t<div class=\"elementor-widget-container\">\n\t\t\t\t\t\t\t\t\t\t\t\t\t<img decoding=\"async\" width=\"800\" height=\"600\" src=\"https:\/\/desarrollo1.alumnoposicionamiento.dev\/wp-content\/uploads\/2024\/12\/REDES-SOCIALES-4GLORIAS.jpeg\" class=\"attachment-large size-large wp-image-418\" alt=\"\" srcset=\"https:\/\/desarrollo1.alumnoposicionamiento.dev\/wp-content\/uploads\/2024\/12\/REDES-SOCIALES-4GLORIAS.jpeg 1024w, https:\/\/desarrollo1.alumnoposicionamiento.dev\/wp-content\/uploads\/2024\/12\/REDES-SOCIALES-4GLORIAS-300x225.jpeg 300w, https:\/\/desarrollo1.alumnoposicionamiento.dev\/wp-content\/uploads\/2024\/12\/REDES-SOCIALES-4GLORIAS-768x576.jpeg 768w\" sizes=\"(max-width: 800px) 100vw, 800px\" \/>\t\t\t\t\t\t\t\t\t\t\t\t\t<\/div>\n\t\t\t\t<\/div>\n\t\t\t\t<\/div>\n\t\t<div class=\"elementor-element elementor-element-5329f636 e-flex e-con-boxed wpr-particle-no wpr-jarallax-no wpr-parallax-no wpr-sticky-section-no e-con e-child\" data-id=\"5329f636\" data-element_type=\"container\">\n\t\t\t\t\t<div class=\"e-con-inner\">\n\t\t\t\t<div class=\"elementor-element elementor-element-66d35b54 elementor-widget elementor-widget-heading\" data-id=\"66d35b54\" data-element_type=\"widget\" data-widget_type=\"heading.default\">\n\t\t\t\t<div class=\"elementor-widget-container\">\n\t\t\t<h2 class=\"elementor-heading-title elementor-size-default\">Analizamos tus redes sociales<\/h2>\t\t<\/div>\n\t\t\t\t<\/div>\n\t\t\t\t<div class=\"elementor-element elementor-element-3f503668 elementor-widget elementor-widget-text-editor\" data-id=\"3f503668\" data-element_type=\"widget\" data-widget_type=\"text-editor.default\">\n\t\t\t\t<div class=\"elementor-widget-container\">\n\t\t\t\t\t\t\t<p>En <strong>4GLORIAS<\/strong>, transformamos datos en estrategias. Estudiamos a fondo tus redes sociales para entender lo que funciona, identificar oportunidades y conectar mejor con tu audiencia. A trav\u00e9s de un an\u00e1lisis detallado del rendimiento de tus publicaciones, el comportamiento de tus seguidores y las tendencias del mercado, te ayudamos a tomar decisiones <strong>efectivas y creativas<\/strong>.<\/p><p>Nuestra misi\u00f3n es potenciar tu presencia digital, optimizando tu contenido y proponiendo acciones que realmente impulsen tu marca.<\/p><p><strong>\u00bfEl resultado? M\u00e1s visibilidad, m\u00e1s interacci\u00f3n y m\u00e1s crecimiento.<\/strong><\/p><p><strong>Convierte tus redes sociales en una herramienta poderosa con 4GLORIAS.<\/strong><\/p>\t\t\t\t\t\t<\/div>\n\t\t\t\t<\/div>\n\t\t\t\t\t<\/div>\n\t\t\t\t<\/div>\n\t\t\t\t\t<\/div>\n\t\t\t\t<\/div>\n\t\t\t\t\t<\/div>\n\t\t\t\t<\/div>\n\t\t\t\t<\/div>\n\t\t","protected":false},"excerpt":{"rendered":"<p>LLEVAMOS TUS REDES SOCIALES AL \u00c9XITO Sabemos d\u00f3nde encontrar a tu p\u00fablico y como contactar con \u00e9l Saber m\u00e1s Analizamos tus redes sociales En 4GLORIAS, transformamos datos en estrategias. Estudiamos a fondo tus redes sociales para entender lo que funciona, identificar oportunidades y conectar mejor con tu audiencia. A trav\u00e9s de un an\u00e1lisis detallado del rendimiento de tus publicaciones, el comportamiento de tus seguidores y las tendencias del mercado, te ayudamos a tomar decisiones efectivas y creativas. Nuestra misi\u00f3n es potenciar tu presencia digital, optimizando tu contenido y proponiendo acciones que realmente impulsen tu marca. \u00bfEl resultado? M\u00e1s visibilidad, m\u00e1s interacci\u00f3n y m\u00e1s crecimiento. Convierte tus redes sociales en una herramienta poderosa con 4GLORIAS.<\/p>\n","protected":false},"author":1,"featured_media":0,"parent":0,"menu_order":0,"comment_status":"closed","ping_status":"closed","template":"","meta":{"footnotes":""},"class_list":["post-25","page","type-page","status-publish","hentry"],"yoast_head":"<!-- This site is optimized with the Yoast SEO plugin v23.4 - https:\/\/yoast.com\/wordpress\/plugins\/seo\/ -->\n<title>SOCIAL MEDIA -<\/title>\n<meta name=\"robots\" content=\"index, follow, max-snippet:-1, max-image-preview:large, max-video-preview:-1\" \/>\n<link rel=\"canonical\" href=\"https:\/\/desarrollo1.alumnoposicionamiento.dev\/?page_id=25\" \/>\n<meta property=\"og:locale\" content=\"es_ES\" \/>\n<meta property=\"og:type\" content=\"article\" \/>\n<meta property=\"og:title\" content=\"SOCIAL MEDIA -\" \/>\n<meta property=\"og:description\" content=\"LLEVAMOS TUS REDES SOCIALES AL \u00c9XITO Sabemos d\u00f3nde encontrar a tu p\u00fablico y como contactar con \u00e9l Saber m\u00e1s Analizamos tus redes sociales En 4GLORIAS, transformamos datos en estrategias. Estudiamos a fondo tus redes sociales para entender lo que funciona, identificar oportunidades y conectar mejor con tu audiencia. A trav\u00e9s de un an\u00e1lisis detallado del rendimiento de tus publicaciones, el comportamiento de tus seguidores y las tendencias del mercado, te ayudamos a tomar decisiones efectivas y creativas. Nuestra misi\u00f3n es potenciar tu presencia digital, optimizando tu contenido y proponiendo acciones que realmente impulsen tu marca. \u00bfEl resultado? M\u00e1s visibilidad, m\u00e1s interacci\u00f3n y m\u00e1s crecimiento. Convierte tus redes sociales en una herramienta poderosa con 4GLORIAS.\" \/>\n<meta property=\"og:url\" content=\"https:\/\/desarrollo1.alumnoposicionamiento.dev\/?page_id=25\" \/>\n<meta property=\"article:modified_time\" content=\"2024-12-18T15:53:12+00:00\" \/>\n<meta property=\"og:image\" content=\"https:\/\/desarrollo1.alumnoposicionamiento.dev\/wp-content\/uploads\/2024\/12\/REDES-SOCIALES-4GLORIAS.jpeg\" \/>\n<meta name=\"twitter:card\" content=\"summary_large_image\" \/>\n<meta name=\"twitter:label1\" content=\"Tiempo de lectura\" \/>\n\t<meta name=\"twitter:data1\" content=\"1 minuto\" \/>\n<script type=\"application\/ld+json\" class=\"yoast-schema-graph\">{\"@context\":\"https:\/\/schema.org\",\"@graph\":[{\"@type\":\"WebPage\",\"@id\":\"https:\/\/desarrollo1.alumnoposicionamiento.dev\/?page_id=25\",\"url\":\"https:\/\/desarrollo1.alumnoposicionamiento.dev\/?page_id=25\",\"name\":\"SOCIAL MEDIA -\",\"isPartOf\":{\"@id\":\"https:\/\/desarrollo1.alumnoposicionamiento.dev\/#website\"},\"primaryImageOfPage\":{\"@id\":\"https:\/\/desarrollo1.alumnoposicionamiento.dev\/?page_id=25#primaryimage\"},\"image\":{\"@id\":\"https:\/\/desarrollo1.alumnoposicionamiento.dev\/?page_id=25#primaryimage\"},\"thumbnailUrl\":\"https:\/\/desarrollo1.alumnoposicionamiento.dev\/wp-content\/uploads\/2024\/12\/REDES-SOCIALES-4GLORIAS.jpeg\",\"datePublished\":\"2024-10-09T15:27:46+00:00\",\"dateModified\":\"2024-12-18T15:53:12+00:00\",\"breadcrumb\":{\"@id\":\"https:\/\/desarrollo1.alumnoposicionamiento.dev\/?page_id=25#breadcrumb\"},\"inLanguage\":\"es\",\"potentialAction\":[{\"@type\":\"ReadAction\",\"target\":[\"https:\/\/desarrollo1.alumnoposicionamiento.dev\/?page_id=25\"]}]},{\"@type\":\"ImageObject\",\"inLanguage\":\"es\",\"@id\":\"https:\/\/desarrollo1.alumnoposicionamiento.dev\/?page_id=25#primaryimage\",\"url\":\"https:\/\/desarrollo1.alumnoposicionamiento.dev\/wp-content\/uploads\/2024\/12\/REDES-SOCIALES-4GLORIAS.jpeg\",\"contentUrl\":\"https:\/\/desarrollo1.alumnoposicionamiento.dev\/wp-content\/uploads\/2024\/12\/REDES-SOCIALES-4GLORIAS.jpeg\",\"width\":1024,\"height\":768},{\"@type\":\"BreadcrumbList\",\"@id\":\"https:\/\/desarrollo1.alumnoposicionamiento.dev\/?page_id=25#breadcrumb\",\"itemListElement\":[{\"@type\":\"ListItem\",\"position\":1,\"name\":\"Portada\",\"item\":\"https:\/\/desarrollo1.alumnoposicionamiento.dev\/\"},{\"@type\":\"ListItem\",\"position\":2,\"name\":\"SOCIAL MEDIA\"}]},{\"@type\":\"WebSite\",\"@id\":\"https:\/\/desarrollo1.alumnoposicionamiento.dev\/#website\",\"url\":\"https:\/\/desarrollo1.alumnoposicionamiento.dev\/\",\"name\":\"\",\"description\":\"\",\"potentialAction\":[{\"@type\":\"SearchAction\",\"target\":{\"@type\":\"EntryPoint\",\"urlTemplate\":\"https:\/\/desarrollo1.alumnoposicionamiento.dev\/?s={search_term_string}\"},\"query-input\":{\"@type\":\"PropertyValueSpecification\",\"valueRequired\":true,\"valueName\":\"search_term_string\"}}],\"inLanguage\":\"es\"}]}<\/script>\n<!-- \/ Yoast SEO plugin. -->","yoast_head_json":{"title":"SOCIAL MEDIA -","robots":{"index":"index","follow":"follow","max-snippet":"max-snippet:-1","max-image-preview":"max-image-preview:large","max-video-preview":"max-video-preview:-1"},"canonical":"https:\/\/desarrollo1.alumnoposicionamiento.dev\/?page_id=25","og_locale":"es_ES","og_type":"article","og_title":"SOCIAL MEDIA -","og_description":"LLEVAMOS TUS REDES SOCIALES AL \u00c9XITO Sabemos d\u00f3nde encontrar a tu p\u00fablico y como contactar con \u00e9l Saber m\u00e1s Analizamos tus redes sociales En 4GLORIAS, transformamos datos en estrategias. Estudiamos a fondo tus redes sociales para entender lo que funciona, identificar oportunidades y conectar mejor con tu audiencia. A trav\u00e9s de un an\u00e1lisis detallado del rendimiento de tus publicaciones, el comportamiento de tus seguidores y las tendencias del mercado, te ayudamos a tomar decisiones efectivas y creativas. Nuestra misi\u00f3n es potenciar tu presencia digital, optimizando tu contenido y proponiendo acciones que realmente impulsen tu marca. \u00bfEl resultado? M\u00e1s visibilidad, m\u00e1s interacci\u00f3n y m\u00e1s crecimiento. Convierte tus redes sociales en una herramienta poderosa con 4GLORIAS.","og_url":"https:\/\/desarrollo1.alumnoposicionamiento.dev\/?page_id=25","article_modified_time":"2024-12-18T15:53:12+00:00","og_image":[{"url":"https:\/\/desarrollo1.alumnoposicionamiento.dev\/wp-content\/uploads\/2024\/12\/REDES-SOCIALES-4GLORIAS.jpeg"}],"twitter_card":"summary_large_image","twitter_misc":{"Tiempo de lectura":"1 minuto"},"schema":{"@context":"https:\/\/schema.org","@graph":[{"@type":"WebPage","@id":"https:\/\/desarrollo1.alumnoposicionamiento.dev\/?page_id=25","url":"https:\/\/desarrollo1.alumnoposicionamiento.dev\/?page_id=25","name":"SOCIAL MEDIA -","isPartOf":{"@id":"https:\/\/desarrollo1.alumnoposicionamiento.dev\/#website"},"primaryImageOfPage":{"@id":"https:\/\/desarrollo1.alumnoposicionamiento.dev\/?page_id=25#primaryimage"},"image":{"@id":"https:\/\/desarrollo1.alumnoposicionamiento.dev\/?page_id=25#primaryimage"},"thumbnailUrl":"https:\/\/desarrollo1.alumnoposicionamiento.dev\/wp-content\/uploads\/2024\/12\/REDES-SOCIALES-4GLORIAS.jpeg","datePublished":"2024-10-09T15:27:46+00:00","dateModified":"2024-12-18T15:53:12+00:00","breadcrumb":{"@id":"https:\/\/desarrollo1.alumnoposicionamiento.dev\/?page_id=25#breadcrumb"},"inLanguage":"es","potentialAction":[{"@type":"ReadAction","target":["https:\/\/desarrollo1.alumnoposicionamiento.dev\/?page_id=25"]}]},{"@type":"ImageObject","inLanguage":"es","@id":"https:\/\/desarrollo1.alumnoposicionamiento.dev\/?page_id=25#primaryimage","url":"https:\/\/desarrollo1.alumnoposicionamiento.dev\/wp-content\/uploads\/2024\/12\/REDES-SOCIALES-4GLORIAS.jpeg","contentUrl":"https:\/\/desarrollo1.alumnoposicionamiento.dev\/wp-content\/uploads\/2024\/12\/REDES-SOCIALES-4GLORIAS.jpeg","width":1024,"height":768},{"@type":"BreadcrumbList","@id":"https:\/\/desarrollo1.alumnoposicionamiento.dev\/?page_id=25#breadcrumb","itemListElement":[{"@type":"ListItem","position":1,"name":"Portada","item":"https:\/\/desarrollo1.alumnoposicionamiento.dev\/"},{"@type":"ListItem","position":2,"name":"SOCIAL MEDIA"}]},{"@type":"WebSite","@id":"https:\/\/desarrollo1.alumnoposicionamiento.dev\/#website","url":"https:\/\/desarrollo1.alumnoposicionamiento.dev\/","name":"","description":"","potentialAction":[{"@type":"SearchAction","target":{"@type":"EntryPoint","urlTemplate":"https:\/\/desarrollo1.alumnoposicionamiento.dev\/?s={search_term_string}"},"query-input":{"@type":"PropertyValueSpecification","valueRequired":true,"valueName":"search_term_string"}}],"inLanguage":"es"}]}},"_links":{"self":[{"href":"https:\/\/desarrollo1.alumnoposicionamiento.dev\/index.php?rest_route=\/wp\/v2\/pages\/25","targetHints":{"allow":["GET"]}}],"collection":[{"href":"https:\/\/desarrollo1.alumnoposicionamiento.dev\/index.php?rest_route=\/wp\/v2\/pages"}],"about":[{"href":"https:\/\/desarrollo1.alumnoposicionamiento.dev\/index.php?rest_route=\/wp\/v2\/types\/page"}],"author":[{"embeddable":true,"href":"https:\/\/desarrollo1.alumnoposicionamiento.dev\/index.php?rest_route=\/wp\/v2\/users\/1"}],"replies":[{"embeddable":true,"href":"https:\/\/desarrollo1.alumnoposicionamiento.dev\/index.php?rest_route=%2Fwp%2Fv2%2Fcomments&post=25"}],"version-history":[{"count":17,"href":"https:\/\/desarrollo1.alumnoposicionamiento.dev\/index.php?rest_route=\/wp\/v2\/pages\/25\/revisions"}],"predecessor-version":[{"id":448,"href":"https:\/\/desarrollo1.alumnoposicionamiento.dev\/index.php?rest_route=\/wp\/v2\/pages\/25\/revisions\/448"}],"wp:attachment":[{"href":"https:\/\/desarrollo1.alumnoposicionamiento.dev\/index.php?rest_route=%2Fwp%2Fv2%2Fmedia&parent=25"}],"curies":[{"name":"wp","href":"https:\/\/api.w.org\/{rel}","templated":true}]}}