{"id":37,"date":"2024-10-09T15:32:16","date_gmt":"2024-10-09T15:32:16","guid":{"rendered":"https:\/\/desarrollo1.alumnoposicionamiento.dev\/?page_id=37"},"modified":"2024-12-18T16:19:46","modified_gmt":"2024-12-18T16:19:46","slug":"sem","status":"publish","type":"page","link":"https:\/\/desarrollo1.alumnoposicionamiento.dev\/?page_id=37","title":{"rendered":"SEM"},"content":{"rendered":"\t\t<div data-elementor-type=\"wp-page\" data-elementor-id=\"37\" class=\"elementor elementor-37\" data-elementor-post-type=\"page\">\n\t\t\t\t<div class=\"elementor-element elementor-element-ff79856 e-flex e-con-boxed wpr-particle-no wpr-jarallax-no wpr-parallax-no wpr-sticky-section-no e-con e-parent\" data-id=\"ff79856\" data-element_type=\"container\">\n\t\t\t\t\t<div class=\"e-con-inner\">\n\t\t\t\t<div class=\"elementor-element elementor-element-b72538e elementor-widget elementor-widget-heading\" data-id=\"b72538e\" data-element_type=\"widget\" data-widget_type=\"heading.default\">\n\t\t\t\t<div class=\"elementor-widget-container\">\n\t\t\t<h2 class=\"elementor-heading-title elementor-size-default\">\u00bfPor qu\u00e9 confiar en 4 Glorias para tu SEM?<\/h2>\t\t<\/div>\n\t\t\t\t<\/div>\n\t\t\t\t<div class=\"elementor-element elementor-element-9cf400e elementor-widget elementor-widget-text-editor\" data-id=\"9cf400e\" data-element_type=\"widget\" data-widget_type=\"text-editor.default\">\n\t\t\t\t<div class=\"elementor-widget-container\">\n\t\t\t\t\t\t\t<p>En <strong>4 Glorias<\/strong> somos expertos en estrategias de Marketing Digital, y nuestro enfoque en <strong>SEM (Search Engine Marketing)<\/strong> est\u00e1 dise\u00f1ado para maximizar tu presencia en los motores de b\u00fasqueda y generar resultados medibles. Aqu\u00ed te contamos por qu\u00e9 elegirnos:<\/p><ol><li><p><strong>Estrategias Personalizadas<\/strong>: Nos enfocamos en dise\u00f1ar campa\u00f1as SEM totalmente adaptadas a tus necesidades y objetivos. Analizamos tu mercado, competidores y clientes potenciales para crear anuncios efectivos y bien segmentados que aumenten tu visibilidad y conversiones.<\/p><\/li><li><p><strong>Optimizaci\u00f3n Constante<\/strong>: El SEM no es una tarea de una sola vez. En 4 Glorias, monitoreamos y ajustamos de manera continua tus campa\u00f1as para asegurar que siempre est\u00e9s obteniendo el m\u00e1ximo rendimiento. A trav\u00e9s de la optimizaci\u00f3n de palabras clave, pujas, anuncios y segmentaci\u00f3n, garantizamos que cada centavo invertido cuente.<\/p><\/li><li><p><strong>Enfoque en Resultados Medibles<\/strong>: Sabemos lo importante que es tener datos claros sobre el retorno de inversi\u00f3n (ROI). En 4 Glorias, proporcionamos informes detallados que te permiten ver c\u00f3mo cada campa\u00f1a SEM est\u00e1 contribuyendo al crecimiento de tu negocio, con m\u00e9tricas precisas de clics, conversiones y costos.<\/p><\/li><li><p><strong>Equipo de Expertos<\/strong>: Contamos con un equipo altamente calificado y actualizado en las \u00faltimas tendencias y herramientas de SEM. Nuestra experiencia en diversas plataformas de publicidad como Google Ads y Bing Ads asegura que tu marca estar\u00e1 siempre a la vanguardia, alcanzando a tu p\u00fablico ideal.<\/p><\/li><\/ol><p><strong>\u00bfPor qu\u00e9 elegirnos?<\/strong><\/p><p>Con 4 Glorias, tu \u00e9xito es nuestra misi\u00f3n. Nos apasiona llevar tu negocio al siguiente nivel mediante estrategias SEM inteligentes, eficientes y orientadas a resultados. Trabajamos como una extensi\u00f3n de tu equipo, siempre comprometidos con tus objetivos y con un enfoque a largo plazo que maximiza tu inversi\u00f3n en marketing digital.<\/p>\t\t\t\t\t\t<\/div>\n\t\t\t\t<\/div>\n\t\t\t\t<div class=\"elementor-element elementor-element-b6837ea elementor-align-center elementor-widget elementor-widget-button\" data-id=\"b6837ea\" data-element_type=\"widget\" data-widget_type=\"button.default\">\n\t\t\t\t<div class=\"elementor-widget-container\">\n\t\t\t\t\t<div class=\"elementor-button-wrapper\">\n\t\t\t<a class=\"elementor-button elementor-button-link elementor-size-sm\" href=\"https:\/\/desarrollo1.alumnoposicionamiento.dev\/?page_id=39\">\n\t\t\t\t\t\t<span class=\"elementor-button-content-wrapper\">\n\t\t\t\t\t\t\t\t\t<span class=\"elementor-button-text\">Cont\u00e1ctanos<\/span>\n\t\t\t\t\t<\/span>\n\t\t\t\t\t<\/a>\n\t\t<\/div>\n\t\t\t\t<\/div>\n\t\t\t\t<\/div>\n\t\t\t\t\t<\/div>\n\t\t\t\t<\/div>\n\t\t\t\t<\/div>\n\t\t","protected":false},"excerpt":{"rendered":"<p>\u00bfPor qu\u00e9 confiar en 4 Glorias para tu SEM? En 4 Glorias somos expertos en estrategias de Marketing Digital, y nuestro enfoque en SEM (Search Engine Marketing) est\u00e1 dise\u00f1ado para maximizar tu presencia en los motores de b\u00fasqueda y generar resultados medibles. Aqu\u00ed te contamos por qu\u00e9 elegirnos: Estrategias Personalizadas: Nos enfocamos en dise\u00f1ar campa\u00f1as SEM totalmente adaptadas a tus necesidades y objetivos. Analizamos tu mercado, competidores y clientes potenciales para crear anuncios efectivos y bien segmentados que aumenten tu visibilidad y conversiones. Optimizaci\u00f3n Constante: El SEM no es una tarea de una sola vez. En 4 Glorias, monitoreamos y ajustamos de manera continua tus campa\u00f1as para asegurar que siempre est\u00e9s obteniendo el m\u00e1ximo rendimiento. A trav\u00e9s de la optimizaci\u00f3n de palabras clave, pujas, anuncios y segmentaci\u00f3n, garantizamos que cada centavo invertido cuente. Enfoque en Resultados Medibles: Sabemos lo importante que es tener datos claros sobre el retorno de inversi\u00f3n (ROI). En 4 Glorias, proporcionamos informes detallados que te permiten ver c\u00f3mo cada campa\u00f1a SEM est\u00e1 contribuyendo al crecimiento de tu negocio, con m\u00e9tricas precisas de clics, conversiones y costos. Equipo de Expertos: Contamos con un equipo altamente calificado y actualizado en las \u00faltimas tendencias y herramientas de SEM. Nuestra experiencia en diversas plataformas de publicidad como Google Ads y Bing Ads asegura que tu marca estar\u00e1 siempre a la vanguardia, alcanzando a tu p\u00fablico ideal. \u00bfPor qu\u00e9 elegirnos? Con 4 Glorias, tu \u00e9xito es nuestra misi\u00f3n. Nos apasiona llevar tu negocio al siguiente nivel mediante estrategias SEM inteligentes, eficientes y orientadas a resultados. Trabajamos como una extensi\u00f3n de tu equipo, siempre comprometidos con tus objetivos y con un enfoque a largo plazo que maximiza tu inversi\u00f3n en marketing digital. Cont\u00e1ctanos<\/p>\n","protected":false},"author":1,"featured_media":0,"parent":0,"menu_order":0,"comment_status":"closed","ping_status":"closed","template":"","meta":{"footnotes":""},"class_list":["post-37","page","type-page","status-publish","hentry"],"yoast_head":"<!-- This site is optimized with the Yoast SEO plugin v23.4 - https:\/\/yoast.com\/wordpress\/plugins\/seo\/ -->\n<title>SEM -<\/title>\n<meta name=\"robots\" content=\"index, follow, max-snippet:-1, max-image-preview:large, max-video-preview:-1\" \/>\n<link rel=\"canonical\" href=\"https:\/\/desarrollo1.alumnoposicionamiento.dev\/?page_id=37\" \/>\n<meta property=\"og:locale\" content=\"es_ES\" \/>\n<meta property=\"og:type\" content=\"article\" \/>\n<meta property=\"og:title\" content=\"SEM -\" \/>\n<meta property=\"og:description\" content=\"\u00bfPor qu\u00e9 confiar en 4 Glorias para tu SEM? En 4 Glorias somos expertos en estrategias de Marketing Digital, y nuestro enfoque en SEM (Search Engine Marketing) est\u00e1 dise\u00f1ado para maximizar tu presencia en los motores de b\u00fasqueda y generar resultados medibles. Aqu\u00ed te contamos por qu\u00e9 elegirnos: Estrategias Personalizadas: Nos enfocamos en dise\u00f1ar campa\u00f1as SEM totalmente adaptadas a tus necesidades y objetivos. Analizamos tu mercado, competidores y clientes potenciales para crear anuncios efectivos y bien segmentados que aumenten tu visibilidad y conversiones. Optimizaci\u00f3n Constante: El SEM no es una tarea de una sola vez. En 4 Glorias, monitoreamos y ajustamos de manera continua tus campa\u00f1as para asegurar que siempre est\u00e9s obteniendo el m\u00e1ximo rendimiento. A trav\u00e9s de la optimizaci\u00f3n de palabras clave, pujas, anuncios y segmentaci\u00f3n, garantizamos que cada centavo invertido cuente. Enfoque en Resultados Medibles: Sabemos lo importante que es tener datos claros sobre el retorno de inversi\u00f3n (ROI). En 4 Glorias, proporcionamos informes detallados que te permiten ver c\u00f3mo cada campa\u00f1a SEM est\u00e1 contribuyendo al crecimiento de tu negocio, con m\u00e9tricas precisas de clics, conversiones y costos. Equipo de Expertos: Contamos con un equipo altamente calificado y actualizado en las \u00faltimas tendencias y herramientas de SEM. Nuestra experiencia en diversas plataformas de publicidad como Google Ads y Bing Ads asegura que tu marca estar\u00e1 siempre a la vanguardia, alcanzando a tu p\u00fablico ideal. \u00bfPor qu\u00e9 elegirnos? Con 4 Glorias, tu \u00e9xito es nuestra misi\u00f3n. Nos apasiona llevar tu negocio al siguiente nivel mediante estrategias SEM inteligentes, eficientes y orientadas a resultados. Trabajamos como una extensi\u00f3n de tu equipo, siempre comprometidos con tus objetivos y con un enfoque a largo plazo que maximiza tu inversi\u00f3n en marketing digital. Cont\u00e1ctanos\" \/>\n<meta property=\"og:url\" content=\"https:\/\/desarrollo1.alumnoposicionamiento.dev\/?page_id=37\" \/>\n<meta property=\"article:modified_time\" content=\"2024-12-18T16:19:46+00:00\" \/>\n<meta name=\"twitter:card\" content=\"summary_large_image\" \/>\n<meta name=\"twitter:label1\" content=\"Tiempo de lectura\" \/>\n\t<meta name=\"twitter:data1\" content=\"2 minutos\" \/>\n<script type=\"application\/ld+json\" class=\"yoast-schema-graph\">{\"@context\":\"https:\/\/schema.org\",\"@graph\":[{\"@type\":\"WebPage\",\"@id\":\"https:\/\/desarrollo1.alumnoposicionamiento.dev\/?page_id=37\",\"url\":\"https:\/\/desarrollo1.alumnoposicionamiento.dev\/?page_id=37\",\"name\":\"SEM -\",\"isPartOf\":{\"@id\":\"https:\/\/desarrollo1.alumnoposicionamiento.dev\/#website\"},\"datePublished\":\"2024-10-09T15:32:16+00:00\",\"dateModified\":\"2024-12-18T16:19:46+00:00\",\"breadcrumb\":{\"@id\":\"https:\/\/desarrollo1.alumnoposicionamiento.dev\/?page_id=37#breadcrumb\"},\"inLanguage\":\"es\",\"potentialAction\":[{\"@type\":\"ReadAction\",\"target\":[\"https:\/\/desarrollo1.alumnoposicionamiento.dev\/?page_id=37\"]}]},{\"@type\":\"BreadcrumbList\",\"@id\":\"https:\/\/desarrollo1.alumnoposicionamiento.dev\/?page_id=37#breadcrumb\",\"itemListElement\":[{\"@type\":\"ListItem\",\"position\":1,\"name\":\"Portada\",\"item\":\"https:\/\/desarrollo1.alumnoposicionamiento.dev\/\"},{\"@type\":\"ListItem\",\"position\":2,\"name\":\"SEM\"}]},{\"@type\":\"WebSite\",\"@id\":\"https:\/\/desarrollo1.alumnoposicionamiento.dev\/#website\",\"url\":\"https:\/\/desarrollo1.alumnoposicionamiento.dev\/\",\"name\":\"\",\"description\":\"\",\"potentialAction\":[{\"@type\":\"SearchAction\",\"target\":{\"@type\":\"EntryPoint\",\"urlTemplate\":\"https:\/\/desarrollo1.alumnoposicionamiento.dev\/?s={search_term_string}\"},\"query-input\":{\"@type\":\"PropertyValueSpecification\",\"valueRequired\":true,\"valueName\":\"search_term_string\"}}],\"inLanguage\":\"es\"}]}<\/script>\n<!-- \/ Yoast SEO plugin. -->","yoast_head_json":{"title":"SEM -","robots":{"index":"index","follow":"follow","max-snippet":"max-snippet:-1","max-image-preview":"max-image-preview:large","max-video-preview":"max-video-preview:-1"},"canonical":"https:\/\/desarrollo1.alumnoposicionamiento.dev\/?page_id=37","og_locale":"es_ES","og_type":"article","og_title":"SEM -","og_description":"\u00bfPor qu\u00e9 confiar en 4 Glorias para tu SEM? En 4 Glorias somos expertos en estrategias de Marketing Digital, y nuestro enfoque en SEM (Search Engine Marketing) est\u00e1 dise\u00f1ado para maximizar tu presencia en los motores de b\u00fasqueda y generar resultados medibles. Aqu\u00ed te contamos por qu\u00e9 elegirnos: Estrategias Personalizadas: Nos enfocamos en dise\u00f1ar campa\u00f1as SEM totalmente adaptadas a tus necesidades y objetivos. Analizamos tu mercado, competidores y clientes potenciales para crear anuncios efectivos y bien segmentados que aumenten tu visibilidad y conversiones. Optimizaci\u00f3n Constante: El SEM no es una tarea de una sola vez. En 4 Glorias, monitoreamos y ajustamos de manera continua tus campa\u00f1as para asegurar que siempre est\u00e9s obteniendo el m\u00e1ximo rendimiento. A trav\u00e9s de la optimizaci\u00f3n de palabras clave, pujas, anuncios y segmentaci\u00f3n, garantizamos que cada centavo invertido cuente. Enfoque en Resultados Medibles: Sabemos lo importante que es tener datos claros sobre el retorno de inversi\u00f3n (ROI). En 4 Glorias, proporcionamos informes detallados que te permiten ver c\u00f3mo cada campa\u00f1a SEM est\u00e1 contribuyendo al crecimiento de tu negocio, con m\u00e9tricas precisas de clics, conversiones y costos. Equipo de Expertos: Contamos con un equipo altamente calificado y actualizado en las \u00faltimas tendencias y herramientas de SEM. Nuestra experiencia en diversas plataformas de publicidad como Google Ads y Bing Ads asegura que tu marca estar\u00e1 siempre a la vanguardia, alcanzando a tu p\u00fablico ideal. \u00bfPor qu\u00e9 elegirnos? Con 4 Glorias, tu \u00e9xito es nuestra misi\u00f3n. Nos apasiona llevar tu negocio al siguiente nivel mediante estrategias SEM inteligentes, eficientes y orientadas a resultados. Trabajamos como una extensi\u00f3n de tu equipo, siempre comprometidos con tus objetivos y con un enfoque a largo plazo que maximiza tu inversi\u00f3n en marketing digital. Cont\u00e1ctanos","og_url":"https:\/\/desarrollo1.alumnoposicionamiento.dev\/?page_id=37","article_modified_time":"2024-12-18T16:19:46+00:00","twitter_card":"summary_large_image","twitter_misc":{"Tiempo de lectura":"2 minutos"},"schema":{"@context":"https:\/\/schema.org","@graph":[{"@type":"WebPage","@id":"https:\/\/desarrollo1.alumnoposicionamiento.dev\/?page_id=37","url":"https:\/\/desarrollo1.alumnoposicionamiento.dev\/?page_id=37","name":"SEM -","isPartOf":{"@id":"https:\/\/desarrollo1.alumnoposicionamiento.dev\/#website"},"datePublished":"2024-10-09T15:32:16+00:00","dateModified":"2024-12-18T16:19:46+00:00","breadcrumb":{"@id":"https:\/\/desarrollo1.alumnoposicionamiento.dev\/?page_id=37#breadcrumb"},"inLanguage":"es","potentialAction":[{"@type":"ReadAction","target":["https:\/\/desarrollo1.alumnoposicionamiento.dev\/?page_id=37"]}]},{"@type":"BreadcrumbList","@id":"https:\/\/desarrollo1.alumnoposicionamiento.dev\/?page_id=37#breadcrumb","itemListElement":[{"@type":"ListItem","position":1,"name":"Portada","item":"https:\/\/desarrollo1.alumnoposicionamiento.dev\/"},{"@type":"ListItem","position":2,"name":"SEM"}]},{"@type":"WebSite","@id":"https:\/\/desarrollo1.alumnoposicionamiento.dev\/#website","url":"https:\/\/desarrollo1.alumnoposicionamiento.dev\/","name":"","description":"","potentialAction":[{"@type":"SearchAction","target":{"@type":"EntryPoint","urlTemplate":"https:\/\/desarrollo1.alumnoposicionamiento.dev\/?s={search_term_string}"},"query-input":{"@type":"PropertyValueSpecification","valueRequired":true,"valueName":"search_term_string"}}],"inLanguage":"es"}]}},"_links":{"self":[{"href":"https:\/\/desarrollo1.alumnoposicionamiento.dev\/index.php?rest_route=\/wp\/v2\/pages\/37","targetHints":{"allow":["GET"]}}],"collection":[{"href":"https:\/\/desarrollo1.alumnoposicionamiento.dev\/index.php?rest_route=\/wp\/v2\/pages"}],"about":[{"href":"https:\/\/desarrollo1.alumnoposicionamiento.dev\/index.php?rest_route=\/wp\/v2\/types\/page"}],"author":[{"embeddable":true,"href":"https:\/\/desarrollo1.alumnoposicionamiento.dev\/index.php?rest_route=\/wp\/v2\/users\/1"}],"replies":[{"embeddable":true,"href":"https:\/\/desarrollo1.alumnoposicionamiento.dev\/index.php?rest_route=%2Fwp%2Fv2%2Fcomments&post=37"}],"version-history":[{"count":7,"href":"https:\/\/desarrollo1.alumnoposicionamiento.dev\/index.php?rest_route=\/wp\/v2\/pages\/37\/revisions"}],"predecessor-version":[{"id":462,"href":"https:\/\/desarrollo1.alumnoposicionamiento.dev\/index.php?rest_route=\/wp\/v2\/pages\/37\/revisions\/462"}],"wp:attachment":[{"href":"https:\/\/desarrollo1.alumnoposicionamiento.dev\/index.php?rest_route=%2Fwp%2Fv2%2Fmedia&parent=37"}],"curies":[{"name":"wp","href":"https:\/\/api.w.org\/{rel}","templated":true}]}}